{"id":163313,"date":"2015-01-11T11:41:51","date_gmt":"2015-01-11T11:41:51","guid":{"rendered":"https:\/\/dogmadivadlo.sk\/tours\/"},"modified":"2025-08-31T19:47:02","modified_gmt":"2025-08-31T19:47:02","slug":"festivals","status":"publish","type":"page","link":"https:\/\/dogmadivadlo.sk\/en\/festivals\/","title":{"rendered":"FESTIVALS"},"content":{"rendered":"<div class=\"wpb-content-wrapper\"><p>[vc_row row_height_percent=&#8221;0&#8243; override_padding=&#8221;yes&#8221; h_padding=&#8221;2&#8243; top_padding=&#8221;5&#8243; bottom_padding=&#8221;5&#8243; back_color=&#8221;color-jevc&#8221; overlay_alpha=&#8221;50&#8243; gutter_size=&#8221;4&#8243; column_width_percent=&#8221;100&#8243; shift_y=&#8221;0&#8243; z_index=&#8221;1&#8243; top_divider=&#8221;gradient&#8221; bottom_divider=&#8221;gradient&#8221; content_parallax=&#8221;0&#8243; uncode_shortcode_id=&#8221;775508&#8243; back_color_type=&#8221;uncode-palette&#8221;][vc_column column_width_percent=&#8221;100&#8243; gutter_size=&#8221;2&#8243; overlay_alpha=&#8221;50&#8243; shift_x=&#8221;0&#8243; shift_y=&#8221;0&#8243; shift_y_down=&#8221;0&#8243; z_index=&#8221;0&#8243; medium_width=&#8221;0&#8243; mobile_width=&#8221;0&#8243; width=&#8221;1\/1&#8243;][vc_custom_heading heading_semantic=&#8221;h3&#8243; text_font=&#8221;font-555555&#8243; text_size=&#8221;h3&#8243; separator=&#8221;yes&#8221; uncode_shortcode_id=&#8221;922638&#8243;]FESTIVALS[\/vc_custom_heading][vc_column_text text_color=&#8221;color-xsdn&#8221; uncode_shortcode_id=&#8221;191180&#8243; text_color_type=&#8221;uncode-palette&#8221;]Z\u00c1V\u00c4ZN\u00dd V\u00ddSTUP (Plze\u0148, CZ \u2013 Inspiral Garden)<br \/>\nZ\u00c1V\u00c4ZN\u00dd V\u00ddSTUP (Praha, CZ \u2013 A Studio Rub\u00edn)<br \/>\nVI\u0160EGR\u00c1D -1 (Praha, CZ \u2013 A Studio Rub\u00edn)<br \/>\nVI\u0160EGR\u00c1D -1 (Cheb, CZ \u2013 Z\u00e1pado\u010desk\u00e9 divadlo Cheb)<br \/>\nVI\u0160EGR\u00c1D -1 (Bitola, MK \u2013 International Monodrama Festival)<br \/>\nBL\u00c1ZON (Kor\u00e7\u00eb, AL \u2013 ALBAMONO Festival, The Cathedral)<br \/>\nEUROPEANA. STRU\u010cN\u00c9 DEJINY 20. STORO\u010cIA (Kola\u0161\u00edn, ME \u2013 Korifej festival)<br \/>\nBL\u00c1ZON (Peja, XK \u2013 MONOACT Festival, Istref Begolli Theater)<br \/>\nEUROPEANA (Tuzla, BA \u2013 Pozori\u0161te bez granica, Dom mladih)<br \/>\n[\/vc_column_text][\/vc_column][\/vc_row]<\/p>\n<\/div>","protected":false},"excerpt":{"rendered":"<p>[vc_row row_height_percent=&#8221;0&#8243; override_padding=&#8221;yes&#8221; h_padding=&#8221;2&#8243; top_padding=&#8221;5&#8243; bottom_padding=&#8221;5&#8243; back_color=&#8221;color-jevc&#8221; overlay_alpha=&#8221;50&#8243; gutter_size=&#8221;4&#8243; column_width_percent=&#8221;100&#8243; shift_y=&#8221;0&#8243; z_index=&#8221;1&#8243; top_divider=&#8221;gradient&#8221; bottom_divider=&#8221;gradient&#8221; content_parallax=&#8221;0&#8243; uncode_shortcode_id=&#8221;775508&#8243; back_color_type=&#8221;uncode-palette&#8221;][vc_column column_width_percent=&#8221;100&#8243; gutter_size=&#8221;2&#8243; overlay_alpha=&#8221;50&#8243; [&hellip;]<\/p>\n","protected":false},"author":1,"featured_media":0,"parent":0,"menu_order":8,"comment_status":"closed","ping_status":"closed","template":"","meta":{"footnotes":""},"class_list":["post-163313","page","type-page","status-publish","hentry"],"_links":{"self":[{"href":"https:\/\/dogmadivadlo.sk\/en\/wp-json\/wp\/v2\/pages\/163313","targetHints":{"allow":["GET"]}}],"collection":[{"href":"https:\/\/dogmadivadlo.sk\/en\/wp-json\/wp\/v2\/pages"}],"about":[{"href":"https:\/\/dogmadivadlo.sk\/en\/wp-json\/wp\/v2\/types\/page"}],"author":[{"embeddable":true,"href":"https:\/\/dogmadivadlo.sk\/en\/wp-json\/wp\/v2\/users\/1"}],"replies":[{"embeddable":true,"href":"https:\/\/dogmadivadlo.sk\/en\/wp-json\/wp\/v2\/comments?post=163313"}],"version-history":[{"count":9,"href":"https:\/\/dogmadivadlo.sk\/en\/wp-json\/wp\/v2\/pages\/163313\/revisions"}],"predecessor-version":[{"id":163757,"href":"https:\/\/dogmadivadlo.sk\/en\/wp-json\/wp\/v2\/pages\/163313\/revisions\/163757"}],"wp:attachment":[{"href":"https:\/\/dogmadivadlo.sk\/en\/wp-json\/wp\/v2\/media?parent=163313"}],"curies":[{"name":"wp","href":"https:\/\/api.w.org\/{rel}","templated":true}]}}